{"id":3,"date":"2024-07-13T17:45:21","date_gmt":"2024-07-13T17:45:21","guid":{"rendered":"http:\/\/sk2peritos.es\/?page_id=3"},"modified":"2025-09-14T19:22:57","modified_gmt":"2025-09-14T19:22:57","slug":"politica-privacidad","status":"publish","type":"page","link":"https:\/\/sk2peritos.es\/?page_id=3","title":{"rendered":"T\u00e9rminos, condiciones y Pol\u00edtica de privacidad"},"content":{"rendered":"\n<h2 class=\"wp-block-heading has-large-font-size\">Qui\u00e9nes somos<\/h2>\n\n\n\n<p class=\"has-medium-font-size\" style=\"margin-top:var(--wp--preset--spacing--10);margin-bottom:var(--wp--preset--spacing--10)\">Seit kontrol ingenier\u00eda integral SL<br>B95802682 Costa 3 I-d 48010 Bilbao<\/p>\n\n\n\n<p class=\"has-medium-font-size\" style=\"margin-top:var(--wp--preset--spacing--10);margin-bottom:var(--wp--preset--spacing--10)\">Contacto: hola@sk2peritos.es<\/p>\n\n\n\n<h2 class=\"wp-block-heading has-large-font-size\">OBJETO<\/h2>\n\n\n\n<p style=\"margin-top:var(--wp--preset--spacing--10);margin-bottom:var(--wp--preset--spacing--10)\">Seit kontrol ingenier\u00eda integral SL responsable del sitio web, pone a disposici\u00f3n de los usuarios el presente aviso legal con el que pretende dar cumplimiento a las obligaciones dispuestas en la Ley 34\/2002, de Servicios de la Sociedad de la Informaci\u00f3n y del Comercio Electr\u00f3nico (LSSI-CE), as\u00ed como informar a todos los usuarios respecto a cu\u00e1les son las condiciones de uso del sitio web.<\/p>\n\n\n\n<p>Toda persona que acceda a este sitio web asume el papel de usuario, comprometi\u00e9ndose a la observancia y cumplimiento riguroso de las disposiciones aqu\u00ed dispuestas, as\u00ed como a cualesquiera otras disposiciones legales que fueran de aplicaci\u00f3n.<\/p>\n\n\n\n<p style=\"margin-top:var(--wp--preset--spacing--10);margin-bottom:var(--wp--preset--spacing--10)\"><strong>Seit kontrol ingenier\u00eda integral SL<\/strong> se reserva el derecho a modificar cualquier tipo de informaci\u00f3n que pudiera aparecer en el sitio web, sin que exista obligaci\u00f3n de preavisar o poner en conocimiento de los usuarios dichas obligaciones, entendi\u00e9ndose suficiente con la publicaci\u00f3n en el sitio web de Seit kontrol ingenier\u00eda integral SL<\/p>\n\n\n\n<h2 class=\"wp-block-heading has-large-font-size\">ENLACES Y CONTENIDOS<\/h2>\n\n\n\n<p>Desde el sitio web del cliente es posible que se redirija a contenidos sitios web o redes sociales de terceros. Estos enlaces no establecen por si mismos ninguna vinculaci\u00f3n legal o negocial con aquellos a que van referidos y <strong>Seit kontrol ingenier\u00eda integral SL<\/strong> quien en ning\u00fan caso asume ning\u00fan tipo de responsabilidad respecto a dichos contenidos por ser totalmente ajenos a la misma. En todo caso, <strong>Seit kontrol ingenier\u00eda integral SL<\/strong> manifiesta que proceder\u00e1 a la retirada inmediata de cualquier contenido o enlace que pudiera contravenir la legislaci\u00f3n nacional o internacional, la moral o el orden p\u00fablico, procediendo asimismo a la retirada inmediata de la redirecci\u00f3n a dicho sitio web y poniendo en conocimiento de las autoridades competentes el contenido en cuesti\u00f3n.<\/p>\n\n\n\n<p><strong>Seit kontrol ingenier\u00eda integral SL<\/strong> no se hace responsable de la informaci\u00f3n y contenidos almacenados o publicados en su blog o cualesquiera foros, chat\u00b4s, redes sociales o cualesquiera otros medios dispuestos por <strong>Seit kontrol ingenier\u00eda integral SL<\/strong> que permita a terceros publicar contenidos de forma independiente. No obstante, y en cumplimiento de lo dispuesto en el art. 11 y 16 de la LSSI-CE,Seit kontrol ingenier\u00eda integral SL se pone a disposici\u00f3n de todos los usuarios, autoridades y fuerzas de seguridad, para colaborar de forma activa en la retirada o en su caso bloqueo de todos aquellos contenidos que pudieran afectar o contravenir la legislaci\u00f3n nacional, o internacional, derechos de terceros o la moral y el orden p\u00fablico. En caso de que el usuario considere que existe en el sitio web alg\u00fan contenido que pudiera ser susceptible de esta clasificaci\u00f3n, se ruega lo notifique de forma inmediata a <a href=\"mailto:hola@drminsky.eu\">hola@drminsky.eu<\/a>.<\/p>\n\n\n\n<h2 class=\"wp-block-heading has-large-font-size\">Comentarios<\/h2>\n\n\n\n<p style=\"margin-top:var(--wp--preset--spacing--10);margin-bottom:var(--wp--preset--spacing--10)\">En esta web se respetan y cuidan los datos personales de los usuarios. Nuestros principios respecto a la privacidad son:<\/p>\n\n\n\n<ul class=\"wp-block-list\">\n<li>No solicitamos informaci\u00f3n personal a menos que realmente sea necesaria para prestar los servicios requeridos.<\/li>\n\n\n\n<li>No compartimos informaci\u00f3n personal de los usuarios con nadie, excepto para cumplir con la ley y para poder prestar nuestros servicios.<\/li>\n\n\n\n<li>No utilizamos los datos personales con una finalidad diferente a la expresada en esta pol\u00edtica de privacidad.<\/li>\n\n\n\n<li>No vendemos, alquilamos ni cedemos datos de car\u00e1cter personal que puedan identificar al usuario.<\/li>\n<\/ul>\n\n\n\n<p>Seit kontrol ingenier\u00eda integral SL, ha adecuado esta web a las exigencias del Reglamento (UE) 2016\/679 del Parlamento Europeo y del Consejo de 27 de abril de 2016 relativo a la protecci\u00f3n de las personas f\u00edsicas (RGPD), la Ley Org\u00e1nica 3\/2018, de 5 de diciembre, de Protecci\u00f3n de Datos Personales y garant\u00eda de los derechos digitales, as\u00ed como a la Ley 34\/2002, de 11 de julio, de Servicios de la Sociedad de la Informaci\u00f3n y Comercio Electr\u00f3nico (LSSICE o LSSI).<\/p>\n\n\n\n<p>Seit kontrol ingenier\u00eda integral SL es la empresa responsable del tratamiento de los datos personales: CIF: B95802682 Direcci\u00f3n: B95802682 Costa 3 I-d 48010 Bilbao: <a href=\"mailto:hola@drminsky.eu\">contacto@sk2peritos.es<\/a><\/p>\n\n\n\n<p>Los datos personales que tratamos proceden de:<\/p>\n\n\n\n<p style=\"margin-top:var(--wp--preset--spacing--10);margin-bottom:var(--wp--preset--spacing--10)\">Formulario de venta<\/p>\n\n\n\n<p>Formulario de contacto<\/p>\n\n\n\n<p>Formulario de subscripci\u00f3n newsletter<\/p>\n\n\n\n<h2 class=\"wp-block-heading has-large-font-size\">Aviso sobre el formulario de contacto<\/h2>\n\n\n\n<p style=\"margin-top:var(--wp--preset--spacing--10);margin-bottom:var(--wp--preset--spacing--10)\">El formulario de contacto de este sitio web utiliza el servicio reCAPTCHA de Google Inc., que permite diferenciar los datos enviados por personas de los mensajes automatizados. Para ello, transmite a Google tu direcci\u00f3n IP y otros datos requeridos. Google utilizar\u00e1 esa informaci\u00f3n para evaluar el uso del servicio por parte de los usuarios. Google es una entidad con domicilio a EEUU y Las transferencias internacionales de datos estar\u00e1n amparadas por el acuerdo EU-US Privacy Shield (informaci\u00f3n disponible en <a href=\"https:\/\/www.privacyshield.gov\/welcome\">https:\/\/www.privacyshield.gov\/welcome<\/a>). Para m\u00e1s informaci\u00f3n puede leer la pol\u00edtica de privacidad de Google, disponible en la p\u00e1gina <a href=\"https:\/\/policies.google.com\/privacy?hl=es\">https:\/\/policies.google.com\/privacy?hl=es<\/a>.<\/p>\n\n\n\n<p style=\"margin-top:var(--wp--preset--spacing--10);margin-bottom:var(--wp--preset--spacing--10)\">Si utilizas el formulario de contacto, das tu consentimiento para el tratamiento de datos que Google dispone sobre el servicio reCAPTCHA. Si no est\u00e1s de acuerdo con las condiciones de uso de dicho servicio, puedes ponerte en contacto con nosotros directamente por correo electr\u00f3nico, sin utilizar el formulario.<\/p>\n\n\n\n<h2 class=\"wp-block-heading has-large-font-size\">Cookies<\/h2>\n\n\n\n<p><\/p>\n\n\n\n<p style=\"margin-top:var(--wp--preset--spacing--10);margin-bottom:var(--wp--preset--spacing--10)\">Las cookies son peque\u00f1os archivos creados por los sitios web que se almacenan en tu ordenador o dispositivo m\u00f3vil. Puedes eliminar las cookies instaladas en cada navegador que utilices, as\u00ed como configurar tu navegador para que las cookies no se instalen.<\/p>\n\n\n\n<p><\/p>\n\n\n\n<h2 class=\"wp-block-heading has-large-font-size\">seguridad de los datos<\/h2>\n\n\n\n<p style=\"margin-top:var(--wp--preset--spacing--10);margin-bottom:var(--wp--preset--spacing--10)\">Seit kontrol ingenier\u00eda integral SL se compromete en el uso y tratamiento de los datos incluidos personales de los usuarios, respetando su confidencialidad y a utilizarlos de acuerdo con la finalidad del mismo, as\u00ed como a dar cumplimiento a su obligaci\u00f3n de guardarlos y adaptar todas las medidas para evitar la alteraci\u00f3n, p\u00e9rdida, tratamiento o acceso no autorizado, de conformidad con lo establecido en la normativa vigente de protecci\u00f3n de datos.<\/p>\n\n\n\n<p>Esta web incluye un certificado SSL. Se trata de un protocolo de seguridad que hace que tus datos viajen de manera \u00edntegra y segura, es decir, la transmisi\u00f3n de los datos entre un servidor y usuario web, y en retroalimentaci\u00f3n, es totalmente cifrada o encriptada.<\/p>\n\n\n\n<p>Seit kontrol ingenier\u00eda integral SL no puede garantizar la absoluta inexpugnabilidad de la red Internet y por tanto la violaci\u00f3n de los datos mediante accesos fraudulentos a ellos por parte de terceros.<\/p>\n\n\n\n<h2 class=\"wp-block-heading has-large-font-size\">Con qui\u00e9n compartimos tus datos<\/h2>\n\n\n\n<p style=\"margin-top:var(--wp--preset--spacing--10);margin-bottom:var(--wp--preset--spacing--10)\">Con nadie al cual t\u00fa no hayas consentido la cesi\u00f3n en el contexto de los servicios periciales. <\/p>\n\n\n\n<h2 class=\"wp-block-heading has-large-font-size\">Aceptaci\u00f3n y consentimiento<\/h2>\n\n\n\n<p style=\"margin-top:var(--wp--preset--spacing--10);margin-bottom:var(--wp--preset--spacing--10)\"><\/p>\n\n\n\n<p>El usuario declara haber sido informado de las condiciones sobre protecci\u00f3n de datos de car\u00e1cter personal, aceptando y consintiendo el tratamiento de los mismos en la forma y para las finalidades indicadas en esta pol\u00edtica de privacidad.<\/p>\n\n\n\n<h2 class=\"wp-block-heading has-large-font-size\">DERECHOS DE PROPIEDAD INTELECTUAL<\/h2>\n\n\n\n<p style=\"margin-top:var(--wp--preset--spacing--10);margin-bottom:var(--wp--preset--spacing--10)\">Todos los contenidos del sitio web  (incluyendo, sin car\u00e1cter limitativo, bases de datos, im\u00e1genes y fotograf\u00edas, dibujos, gr\u00e1ficos y archivos de texto) son propiedad de Seit kontrol ingenier\u00eda integral SL. o de los proveedores de contenidos, habiendo sido, en este \u00faltimo caso, objeto de licencia o cesi\u00f3n por parte de los mismos, y est\u00e1n protegidos por las normas nacionales e internacionales de propiedad intelectual, especialmente por el Texto refundido de la Ley de Propiedad Intelectual aprobada por Real Decreto 1\/1996 de 12 de abril. Los usuarios se comprometen a utilizar los contenidos puestos a disposici\u00f3n en esta web de acuerdo con la citada Ley, as\u00ed como la moral y las buenas costumbres aceptadas y el orden p\u00fablico.<\/p>\n\n\n\n<p>Seit kontrol ingenier\u00eda integral SL reconoce a favor de sus titulares los correspondientes derechos de propiedad industrial e intelectual, no implicando su sola menci\u00f3n o aparici\u00f3n en el sitio web la existencia de derechos o responsabilidad alguna de <strong>Seit kontrol ingenier\u00eda integral SL<\/strong> sobre los mismos, como tampoco respaldo, patrocinio o recomendaci\u00f3n por parte del mismo.<\/p>\n\n\n\n<p>El usuario se abstendr\u00e1 de llevar a cabo conductas que atenten contra los derechos de propiedad intelectual o industrial de Seit kontrol ingenier\u00eda integral SL., o de terceros, o que vulneren o transgredan la intimidad personal o familiar o la imagen de terceros, o que sean il\u00edcitos o atenten contra la moralidad. El usuario dejar\u00e1 en cualquier caso indemne a Seit kontrol ingenier\u00eda integral SL. frente a cualquier reclamaci\u00f3n, judicial o extra judicial que se presente frente a ella como consecuencia de dicho uso.<\/p>\n\n\n\n<p>Las marcas, r\u00f3tulos, signos distintivos o logos de sitio web son propiedad de Seit kontrol ingenier\u00eda integral SL. y est\u00e1n debidamente registrados, sin que pueda entenderse cedidos al usuario ninguno de los derechos de explotaci\u00f3n m\u00e1s all\u00e1 que de lo estrictamente necesario para el correcto uso de la web.<\/p>\n\n\n\n<p>Los textos, datos y dibujos gr\u00e1ficos son propiedad de Seit kontrol ingenier\u00eda integral SL. o de las entidades proveedoras de informaci\u00f3n, no pudiendo ser objeto de ulterior modificaci\u00f3n, copia, transformaci\u00f3n, alteraci\u00f3n, reproducci\u00f3n, adaptaci\u00f3n o traducci\u00f3n por parte de terceros, sin la expresa autorizaci\u00f3n por parte del titular de dicho contenido. La puesta a disposici\u00f3n de los textos, datos y dibujos gr\u00e1ficos no implica, en ning\u00fan caso, la cesi\u00f3n de su titularidad o la concesi\u00f3n de un derecho de explotaci\u00f3n, reproducci\u00f3n, difusi\u00f3n, transformaci\u00f3n, distribuci\u00f3n, o transmisi\u00f3n a su favor, distinto del derecho de uso que comporta la utilizaci\u00f3n leg\u00edtima de <a href=\"https:\/\/www.drminsky.eu\/\">www.sk2peritos.es<\/a> a salvo de autorizaci\u00f3n expresa por parte de la misma.<\/p>\n\n\n\n<p style=\"margin-top:var(--wp--preset--spacing--10);margin-bottom:var(--wp--preset--spacing--10)\">Para realizar cualquier tipo de observaci\u00f3n respecto a posibles incumplimientos de los derechos de propiedad intelectual o industrial, as\u00ed como sobre cualquiera de los contenidos del sitio web, puede hacerlo a trav\u00e9s del siguiente correo electr\u00f3nico: contacto@sk2peritos.es.<\/p>\n\n\n\n<h2 class=\"wp-block-heading has-large-font-size\">LEY APLICABLE Y JURISDICCI\u00d3N<\/h2>\n\n\n\n<p style=\"margin-top:var(--wp--preset--spacing--10);margin-bottom:var(--wp--preset--spacing--10)\">Para la resoluci\u00f3n de todas las controversias o cuestiones relacionadas con el presente sitio web o de las actividades en \u00e9l desarrolladas, ser\u00e1 de aplicaci\u00f3n la legislaci\u00f3n espa\u00f1ola, a la que se someten expresamente las partes, siendo competentes para la resoluci\u00f3n de todos los conflictos derivados o relacionados con su uso los Juzgados y Tribunales de Bilbao, Bizkaia.<\/p>\n","protected":false},"excerpt":{"rendered":"<p>Qui\u00e9nes somos Seit kontrol ingenier\u00eda integral SLB95802682 Costa 3 I-d 48010 Bilbao Contacto: hola@sk2peritos.es OBJETO Seit kontrol ingenier\u00eda integral SL responsable del sitio web, pone a disposici\u00f3n de los usuarios el presente aviso legal con el que pretende dar cumplimiento a las obligaciones dispuestas en la Ley 34\/2002, de Servicios de la Sociedad de la [&hellip;]<\/p>\n","protected":false},"author":1,"featured_media":0,"parent":0,"menu_order":0,"comment_status":"closed","ping_status":"open","template":"","meta":{"footnotes":""},"class_list":["post-3","page","type-page","status-publish","hentry"],"yoast_head":"<!-- This site is optimized with the Yoast SEO plugin v26.9 - https:\/\/yoast.com\/product\/yoast-seo-wordpress\/ -->\n<title>T\u00e9rminos, condiciones y Pol\u00edtica de privacidad - Sk2 Ingenier\u00eda SL<\/title>\n<meta name=\"robots\" content=\"index, follow, max-snippet:-1, max-image-preview:large, max-video-preview:-1\" \/>\n<link rel=\"canonical\" href=\"https:\/\/sk2peritos.es\/?page_id=3\" \/>\n<meta property=\"og:locale\" content=\"es_ES\" \/>\n<meta property=\"og:type\" content=\"article\" \/>\n<meta property=\"og:title\" content=\"T\u00e9rminos, condiciones y Pol\u00edtica de privacidad - Sk2 Ingenier\u00eda SL\" \/>\n<meta property=\"og:description\" content=\"Qui\u00e9nes somos Seit kontrol ingenier\u00eda integral SLB95802682 Costa 3 I-d 48010 Bilbao Contacto: hola@sk2peritos.es OBJETO Seit kontrol ingenier\u00eda integral SL responsable del sitio web, pone a disposici\u00f3n de los usuarios el presente aviso legal con el que pretende dar cumplimiento a las obligaciones dispuestas en la Ley 34\/2002, de Servicios de la Sociedad de la [&hellip;]\" \/>\n<meta property=\"og:url\" content=\"https:\/\/sk2peritos.es\/?page_id=3\" \/>\n<meta property=\"og:site_name\" content=\"Sk2 Ingenier\u00eda SL\" \/>\n<meta property=\"article:modified_time\" content=\"2025-09-14T19:22:57+00:00\" \/>\n<meta name=\"twitter:card\" content=\"summary_large_image\" \/>\n<meta name=\"twitter:label1\" content=\"Tiempo de lectura\" \/>\n\t<meta name=\"twitter:data1\" content=\"8 minutos\" \/>\n<script type=\"application\/ld+json\" class=\"yoast-schema-graph\">{\"@context\":\"https:\/\/schema.org\",\"@graph\":[{\"@type\":\"WebPage\",\"@id\":\"https:\/\/sk2peritos.es\/?page_id=3\",\"url\":\"https:\/\/sk2peritos.es\/?page_id=3\",\"name\":\"T\u00e9rminos, condiciones y Pol\u00edtica de privacidad - Sk2 Ingenier\u00eda SL\",\"isPartOf\":{\"@id\":\"https:\/\/sk2peritos.es\/#website\"},\"datePublished\":\"2024-07-13T17:45:21+00:00\",\"dateModified\":\"2025-09-14T19:22:57+00:00\",\"breadcrumb\":{\"@id\":\"https:\/\/sk2peritos.es\/?page_id=3#breadcrumb\"},\"inLanguage\":\"es\",\"potentialAction\":[{\"@type\":\"ReadAction\",\"target\":[\"https:\/\/sk2peritos.es\/?page_id=3\"]}]},{\"@type\":\"BreadcrumbList\",\"@id\":\"https:\/\/sk2peritos.es\/?page_id=3#breadcrumb\",\"itemListElement\":[{\"@type\":\"ListItem\",\"position\":1,\"name\":\"Portada\",\"item\":\"https:\/\/sk2peritos.es\/\"},{\"@type\":\"ListItem\",\"position\":2,\"name\":\"T\u00e9rminos, condiciones y Pol\u00edtica de privacidad\"}]},{\"@type\":\"WebSite\",\"@id\":\"https:\/\/sk2peritos.es\/#website\",\"url\":\"https:\/\/sk2peritos.es\/\",\"name\":\"Sk2 Ingenier\u00eda SL\",\"description\":\"SK2 ingenieros SL. Gabinete pericial especializado en Incendios y Riesgos Diversos. Un gabinete donde las personas son lo m\u00e1s importante y donde la imparcialidad es nuestra ense\u00f1a. \",\"publisher\":{\"@id\":\"https:\/\/sk2peritos.es\/#organization\"},\"potentialAction\":[{\"@type\":\"SearchAction\",\"target\":{\"@type\":\"EntryPoint\",\"urlTemplate\":\"https:\/\/sk2peritos.es\/?s={search_term_string}\"},\"query-input\":{\"@type\":\"PropertyValueSpecification\",\"valueRequired\":true,\"valueName\":\"search_term_string\"}}],\"inLanguage\":\"es\"},{\"@type\":\"Organization\",\"@id\":\"https:\/\/sk2peritos.es\/#organization\",\"name\":\"Sk2 Ingenier\u00eda SL\",\"url\":\"https:\/\/sk2peritos.es\/\",\"logo\":{\"@type\":\"ImageObject\",\"inLanguage\":\"es\",\"@id\":\"https:\/\/sk2peritos.es\/#\/schema\/logo\/image\/\",\"url\":\"https:\/\/sk2peritos.es\/wp-content\/uploads\/2024\/07\/Logo3.png\",\"contentUrl\":\"https:\/\/sk2peritos.es\/wp-content\/uploads\/2024\/07\/Logo3.png\",\"width\":1407,\"height\":266,\"caption\":\"Sk2 Ingenier\u00eda SL\"},\"image\":{\"@id\":\"https:\/\/sk2peritos.es\/#\/schema\/logo\/image\/\"}}]}<\/script>\n<!-- \/ Yoast SEO plugin. -->","yoast_head_json":{"title":"T\u00e9rminos, condiciones y Pol\u00edtica de privacidad - Sk2 Ingenier\u00eda SL","robots":{"index":"index","follow":"follow","max-snippet":"max-snippet:-1","max-image-preview":"max-image-preview:large","max-video-preview":"max-video-preview:-1"},"canonical":"https:\/\/sk2peritos.es\/?page_id=3","og_locale":"es_ES","og_type":"article","og_title":"T\u00e9rminos, condiciones y Pol\u00edtica de privacidad - Sk2 Ingenier\u00eda SL","og_description":"Qui\u00e9nes somos Seit kontrol ingenier\u00eda integral SLB95802682 Costa 3 I-d 48010 Bilbao Contacto: hola@sk2peritos.es OBJETO Seit kontrol ingenier\u00eda integral SL responsable del sitio web, pone a disposici\u00f3n de los usuarios el presente aviso legal con el que pretende dar cumplimiento a las obligaciones dispuestas en la Ley 34\/2002, de Servicios de la Sociedad de la [&hellip;]","og_url":"https:\/\/sk2peritos.es\/?page_id=3","og_site_name":"Sk2 Ingenier\u00eda SL","article_modified_time":"2025-09-14T19:22:57+00:00","twitter_card":"summary_large_image","twitter_misc":{"Tiempo de lectura":"8 minutos"},"schema":{"@context":"https:\/\/schema.org","@graph":[{"@type":"WebPage","@id":"https:\/\/sk2peritos.es\/?page_id=3","url":"https:\/\/sk2peritos.es\/?page_id=3","name":"T\u00e9rminos, condiciones y Pol\u00edtica de privacidad - Sk2 Ingenier\u00eda SL","isPartOf":{"@id":"https:\/\/sk2peritos.es\/#website"},"datePublished":"2024-07-13T17:45:21+00:00","dateModified":"2025-09-14T19:22:57+00:00","breadcrumb":{"@id":"https:\/\/sk2peritos.es\/?page_id=3#breadcrumb"},"inLanguage":"es","potentialAction":[{"@type":"ReadAction","target":["https:\/\/sk2peritos.es\/?page_id=3"]}]},{"@type":"BreadcrumbList","@id":"https:\/\/sk2peritos.es\/?page_id=3#breadcrumb","itemListElement":[{"@type":"ListItem","position":1,"name":"Portada","item":"https:\/\/sk2peritos.es\/"},{"@type":"ListItem","position":2,"name":"T\u00e9rminos, condiciones y Pol\u00edtica de privacidad"}]},{"@type":"WebSite","@id":"https:\/\/sk2peritos.es\/#website","url":"https:\/\/sk2peritos.es\/","name":"Sk2 Ingenier\u00eda SL","description":"SK2 ingenieros SL. Gabinete pericial especializado en Incendios y Riesgos Diversos. Un gabinete donde las personas son lo m\u00e1s importante y donde la imparcialidad es nuestra ense\u00f1a. ","publisher":{"@id":"https:\/\/sk2peritos.es\/#organization"},"potentialAction":[{"@type":"SearchAction","target":{"@type":"EntryPoint","urlTemplate":"https:\/\/sk2peritos.es\/?s={search_term_string}"},"query-input":{"@type":"PropertyValueSpecification","valueRequired":true,"valueName":"search_term_string"}}],"inLanguage":"es"},{"@type":"Organization","@id":"https:\/\/sk2peritos.es\/#organization","name":"Sk2 Ingenier\u00eda SL","url":"https:\/\/sk2peritos.es\/","logo":{"@type":"ImageObject","inLanguage":"es","@id":"https:\/\/sk2peritos.es\/#\/schema\/logo\/image\/","url":"https:\/\/sk2peritos.es\/wp-content\/uploads\/2024\/07\/Logo3.png","contentUrl":"https:\/\/sk2peritos.es\/wp-content\/uploads\/2024\/07\/Logo3.png","width":1407,"height":266,"caption":"Sk2 Ingenier\u00eda SL"},"image":{"@id":"https:\/\/sk2peritos.es\/#\/schema\/logo\/image\/"}}]}},"_links":{"self":[{"href":"https:\/\/sk2peritos.es\/index.php?rest_route=\/wp\/v2\/pages\/3","targetHints":{"allow":["GET"]}}],"collection":[{"href":"https:\/\/sk2peritos.es\/index.php?rest_route=\/wp\/v2\/pages"}],"about":[{"href":"https:\/\/sk2peritos.es\/index.php?rest_route=\/wp\/v2\/types\/page"}],"author":[{"embeddable":true,"href":"https:\/\/sk2peritos.es\/index.php?rest_route=\/wp\/v2\/users\/1"}],"replies":[{"embeddable":true,"href":"https:\/\/sk2peritos.es\/index.php?rest_route=%2Fwp%2Fv2%2Fcomments&post=3"}],"version-history":[{"count":5,"href":"https:\/\/sk2peritos.es\/index.php?rest_route=\/wp\/v2\/pages\/3\/revisions"}],"predecessor-version":[{"id":412,"href":"https:\/\/sk2peritos.es\/index.php?rest_route=\/wp\/v2\/pages\/3\/revisions\/412"}],"wp:attachment":[{"href":"https:\/\/sk2peritos.es\/index.php?rest_route=%2Fwp%2Fv2%2Fmedia&parent=3"}],"curies":[{"name":"wp","href":"https:\/\/api.w.org\/{rel}","templated":true}]}}