{"id":417,"date":"2025-10-02T17:54:00","date_gmt":"2025-10-02T17:54:00","guid":{"rendered":"https:\/\/sk2peritos.es\/?page_id=417"},"modified":"2025-10-09T07:20:21","modified_gmt":"2025-10-09T07:20:21","slug":"blog","status":"publish","type":"page","link":"https:\/\/sk2peritos.es\/?page_id=417","title":{"rendered":"Blog"},"content":{"rendered":"\n<div class=\"wp-block-group alignfull has-global-padding is-layout-constrained wp-container-core-group-is-layout-8d14f2e7 wp-block-group-is-layout-constrained\" style=\"margin-top:0;margin-bottom:0;padding-top:var(--wp--preset--spacing--30);padding-right:var(--wp--preset--spacing--10);padding-bottom:var(--wp--preset--spacing--30);padding-left:var(--wp--preset--spacing--10)\">\n<h2 class=\"wp-block-heading alignwide has-x-large-font-size\" style=\"margin-top:0;line-height:1\">nuestros art\u00edculos<\/h2>\n\n\n\n<div style=\"margin-top:0;margin-bottom:0;height:1rem\" aria-hidden=\"true\" class=\"wp-block-spacer\"><\/div>\n\n\n\n<div class=\"wp-block-columns alignwide is-layout-flex wp-container-core-columns-is-layout-d0846407 wp-block-columns-is-layout-flex\">\n<div class=\"wp-block-column is-layout-flow wp-block-column-is-layout-flow\" style=\"flex-basis:60%\">\n<div class=\"wp-block-query is-layout-flow wp-block-query-is-layout-flow\"><ul class=\"wp-block-post-template is-layout-flow wp-container-core-post-template-is-layout-ea1fff98 wp-block-post-template-is-layout-flow\"><li class=\"wp-block-post post-472 post type-post status-publish format-standard has-post-thumbnail hentry category-humedad tag-condensacion tag-envolvente tag-humedades\">\n<figure style=\"aspect-ratio:3\/4;\" class=\"wp-block-post-featured-image\"><a href=\"https:\/\/sk2peritos.es\/?p=472\" target=\"_self\"  ><img decoding=\"async\" width=\"1024\" height=\"1024\" data-src=\"https:\/\/sk2peritos.es\/wp-content\/uploads\/2025\/10\/unnamed.jpg\" class=\"attachment-post-thumbnail size-post-thumbnail wp-post-image lazyload\" alt=\"Humedades en tu vivienda\" style=\"--smush-placeholder-width: 1024px; --smush-placeholder-aspect-ratio: 1024\/1024;width:100%;height:100%;object-fit:cover;\" data-srcset=\"https:\/\/sk2peritos.es\/wp-content\/uploads\/2025\/10\/unnamed.jpg 1024w, https:\/\/sk2peritos.es\/wp-content\/uploads\/2025\/10\/unnamed-300x300.jpg 300w, https:\/\/sk2peritos.es\/wp-content\/uploads\/2025\/10\/unnamed-150x150.jpg 150w, https:\/\/sk2peritos.es\/wp-content\/uploads\/2025\/10\/unnamed-768x768.jpg 768w\" data-sizes=\"(max-width: 1024px) 100vw, 1024px\" src=\"data:image\/svg+xml;base64,PHN2ZyB3aWR0aD0iMSIgaGVpZ2h0PSIxIiB4bWxucz0iaHR0cDovL3d3dy53My5vcmcvMjAwMC9zdmciPjwvc3ZnPg==\" \/><\/a><\/figure>\n\n\n<div style=\"height:var(--wp--preset--spacing--10)\" aria-hidden=\"true\" class=\"wp-block-spacer\"><\/div>\n\n\n\n<div class=\"wp-block-group is-vertical is-nowrap is-layout-flex wp-container-core-group-is-layout-027a86ef wp-block-group-is-layout-flex\"><h3 class=\"wp-block-post-title has-x-large-font-size\"><a href=\"https:\/\/sk2peritos.es\/?p=472\" target=\"_self\" >Humedades en tu vivienda<\/a><\/h3>\n\n<div class=\"wp-block-post-excerpt\"><p class=\"wp-block-post-excerpt__excerpt\">\u00bfPor qu\u00e9 un diagn\u00f3stico err\u00f3neo puede costarte miles de euros? Aparecen manchas en las paredes de tu casa en Getxo o Sestao, el sal\u00f3n huele a humedad y empiezas a ver moho en las esquinas.&hellip;<\/p><p class=\"wp-block-post-excerpt__more-text\"><a class=\"wp-block-post-excerpt__more-link\" href=\"https:\/\/sk2peritos.es\/?p=472\">\u00ableer m\u00e1s\u00bb<\/a><\/p><\/div>\n\n<div class=\"wp-block-template-part\">\n\n<div class=\"wp-block-group has-global-padding is-layout-constrained wp-block-group-is-layout-constrained\">\n\t\n\t<div class=\"wp-block-group is-content-justification-left is-layout-flex wp-container-core-group-is-layout-dfe8e91f wp-block-group-is-layout-flex\">\n\t\t<div class=\"wp-block-post-date\"><time datetime=\"2025-10-09T07:01:18+00:00\"><a href=\"https:\/\/sk2peritos.es\/?p=472\">Oct 9, 2025<\/a><\/time><\/div>\n\n\t\t\n\t\t<p class=\"has-contrast-2-color has-text-color\">\u2014<\/p>\n\t\t\n\n\t\t\n\t\t<p class=\"has-small-font-size has-contrast-2-color has-text-color\">por<\/p>\n\t\t\n\n\t\t<div class=\"wp-block-post-author-name\"><a href=\"https:\/\/sk2peritos.es\/?author=1\" target=\"_self\" class=\"wp-block-post-author-name__link\">Iv\u00e1n<\/a><\/div>\n\n\t\t<div class=\"taxonomy-category wp-block-post-terms\"><span class=\"wp-block-post-terms__prefix\">en <\/span><a href=\"https:\/\/sk2peritos.es\/?cat=20\" rel=\"tag\">Humedad<\/a><\/div>\n\n\t<\/div>\n\t\n<\/div>\n\n\n<\/div><\/div>\n\n<\/li><\/ul><\/div>\n<\/div>\n\n\n\n<div class=\"wp-block-column is-layout-flow wp-block-column-is-layout-flow\" style=\"flex-basis:40%\">\n<div class=\"wp-block-query is-layout-flow wp-block-query-is-layout-flow\"><ul class=\"wp-block-post-template is-layout-flow wp-container-core-post-template-is-layout-6b084be1 wp-block-post-template-is-layout-flow\"><li class=\"wp-block-post post-346 post type-post status-publish format-standard has-post-thumbnail hentry category-dana tag-dana tag-gorka tag-perito tag-sk2peritos tag-valencia\">\n<figure style=\"aspect-ratio:4\/3;\" class=\"wp-block-post-featured-image\"><a href=\"https:\/\/sk2peritos.es\/?p=346\" target=\"_self\"  ><img decoding=\"async\" width=\"1200\" height=\"892\" data-src=\"https:\/\/sk2peritos.es\/wp-content\/uploads\/2024\/12\/DANA3_w.jpg\" class=\"attachment-post-thumbnail size-post-thumbnail wp-post-image lazyload\" alt=\"Sobre el terreno\" style=\"--smush-placeholder-width: 1200px; --smush-placeholder-aspect-ratio: 1200\/892;width:100%;height:100%;object-fit:cover;\" data-srcset=\"https:\/\/sk2peritos.es\/wp-content\/uploads\/2024\/12\/DANA3_w.jpg 1200w, https:\/\/sk2peritos.es\/wp-content\/uploads\/2024\/12\/DANA3_w-300x223.jpg 300w, https:\/\/sk2peritos.es\/wp-content\/uploads\/2024\/12\/DANA3_w-1024x761.jpg 1024w, https:\/\/sk2peritos.es\/wp-content\/uploads\/2024\/12\/DANA3_w-768x571.jpg 768w\" data-sizes=\"(max-width: 1200px) 100vw, 1200px\" src=\"data:image\/svg+xml;base64,PHN2ZyB3aWR0aD0iMSIgaGVpZ2h0PSIxIiB4bWxucz0iaHR0cDovL3d3dy53My5vcmcvMjAwMC9zdmciPjwvc3ZnPg==\" \/><\/a><\/figure>\n\n\n<div style=\"height:5px\" aria-hidden=\"true\" class=\"wp-block-spacer\"><\/div>\n\n\n\n<div class=\"wp-block-group is-vertical is-nowrap is-layout-flex wp-container-core-group-is-layout-9bc6ff26 wp-block-group-is-layout-flex\"><h3 class=\"wp-block-post-title has-large-font-size\"><a href=\"https:\/\/sk2peritos.es\/?p=346\" target=\"_self\" >Sobre el terreno<\/a><\/h3>\n\n<div class=\"wp-block-post-excerpt has-small-font-size\"><p class=\"wp-block-post-excerpt__excerpt\">Una DANA que deja huella en Valencia No hace falta que lo expliquemos. Todos&hellip;<\/p><p class=\"wp-block-post-excerpt__more-text\"><a class=\"wp-block-post-excerpt__more-link\" href=\"https:\/\/sk2peritos.es\/?p=346\">\u00ableer m\u00e1s\u00bb<\/a><\/p><\/div>\n\n<div class=\"wp-block-template-part\">\n\n<div class=\"wp-block-group has-global-padding is-layout-constrained wp-block-group-is-layout-constrained\">\n\t\n\t<div class=\"wp-block-group is-content-justification-left is-layout-flex wp-container-core-group-is-layout-dfe8e91f wp-block-group-is-layout-flex\">\n\t\t<div class=\"wp-block-post-date\"><time datetime=\"2024-12-02T17:41:15+00:00\"><a href=\"https:\/\/sk2peritos.es\/?p=346\">Dic 2, 2024<\/a><\/time><\/div>\n\n\t\t\n\t\t<p class=\"has-contrast-2-color has-text-color\">\u2014<\/p>\n\t\t\n\n\t\t\n\t\t<p class=\"has-small-font-size has-contrast-2-color has-text-color\">por<\/p>\n\t\t\n\n\t\t<div class=\"wp-block-post-author-name\"><a href=\"https:\/\/sk2peritos.es\/?author=1\" target=\"_self\" class=\"wp-block-post-author-name__link\">Iv\u00e1n<\/a><\/div>\n\n\t\t<div class=\"taxonomy-category wp-block-post-terms\"><span class=\"wp-block-post-terms__prefix\">en <\/span><a href=\"https:\/\/sk2peritos.es\/?cat=14\" rel=\"tag\">DANA<\/a><\/div>\n\n\t<\/div>\n\t\n<\/div>\n\n\n<\/div><\/div>\n\n<\/li><li class=\"wp-block-post post-260 post type-post status-publish format-standard has-post-thumbnail hentry category-fontaneria category-mantenimiento category-pluviales tag-bajante tag-humedades tag-mantenimiento tag-pluviales\">\n<figure style=\"aspect-ratio:4\/3;\" class=\"wp-block-post-featured-image\"><a href=\"https:\/\/sk2peritos.es\/?p=260\" target=\"_self\"  ><img decoding=\"async\" width=\"1148\" height=\"726\" data-src=\"https:\/\/sk2peritos.es\/wp-content\/uploads\/2024\/10\/Bajante.jpg\" class=\"attachment-post-thumbnail size-post-thumbnail wp-post-image lazyload\" alt=\"Desag\u00fces de pluviales en chal\u00e9s y comunidades de propietarios\" style=\"--smush-placeholder-width: 1148px; --smush-placeholder-aspect-ratio: 1148\/726;width:100%;height:100%;object-fit:cover;\" data-srcset=\"https:\/\/sk2peritos.es\/wp-content\/uploads\/2024\/10\/Bajante.jpg 1148w, https:\/\/sk2peritos.es\/wp-content\/uploads\/2024\/10\/Bajante-300x190.jpg 300w, https:\/\/sk2peritos.es\/wp-content\/uploads\/2024\/10\/Bajante-1024x648.jpg 1024w, https:\/\/sk2peritos.es\/wp-content\/uploads\/2024\/10\/Bajante-768x486.jpg 768w\" data-sizes=\"(max-width: 1148px) 100vw, 1148px\" src=\"data:image\/svg+xml;base64,PHN2ZyB3aWR0aD0iMSIgaGVpZ2h0PSIxIiB4bWxucz0iaHR0cDovL3d3dy53My5vcmcvMjAwMC9zdmciPjwvc3ZnPg==\" \/><\/a><\/figure>\n\n\n<div style=\"height:5px\" aria-hidden=\"true\" class=\"wp-block-spacer\"><\/div>\n\n\n\n<div class=\"wp-block-group is-vertical is-nowrap is-layout-flex wp-container-core-group-is-layout-9bc6ff26 wp-block-group-is-layout-flex\"><h3 class=\"wp-block-post-title has-large-font-size\"><a href=\"https:\/\/sk2peritos.es\/?p=260\" target=\"_self\" >Desag\u00fces de pluviales en chal\u00e9s y comunidades de propietarios<\/a><\/h3>\n\n<div class=\"wp-block-post-excerpt has-small-font-size\"><p class=\"wp-block-post-excerpt__excerpt\">Los sistemas de desag\u00fces pluviales en comunidades de vecinos y chal\u00e9s individuales juegan un&hellip;<\/p><p class=\"wp-block-post-excerpt__more-text\"><a class=\"wp-block-post-excerpt__more-link\" href=\"https:\/\/sk2peritos.es\/?p=260\">\u00ableer m\u00e1s\u00bb<\/a><\/p><\/div>\n\n<div class=\"wp-block-template-part\">\n\n<div class=\"wp-block-group has-global-padding is-layout-constrained wp-block-group-is-layout-constrained\">\n\t\n\t<div class=\"wp-block-group is-content-justification-left is-layout-flex wp-container-core-group-is-layout-dfe8e91f wp-block-group-is-layout-flex\">\n\t\t<div class=\"wp-block-post-date\"><time datetime=\"2024-10-16T10:38:32+00:00\"><a href=\"https:\/\/sk2peritos.es\/?p=260\">Oct 16, 2024<\/a><\/time><\/div>\n\n\t\t\n\t\t<p class=\"has-contrast-2-color has-text-color\">\u2014<\/p>\n\t\t\n\n\t\t\n\t\t<p class=\"has-small-font-size has-contrast-2-color has-text-color\">por<\/p>\n\t\t\n\n\t\t<div class=\"wp-block-post-author-name\"><a href=\"https:\/\/sk2peritos.es\/?author=1\" target=\"_self\" class=\"wp-block-post-author-name__link\">Iv\u00e1n<\/a><\/div>\n\n\t\t<div class=\"taxonomy-category wp-block-post-terms\"><span class=\"wp-block-post-terms__prefix\">en <\/span><a href=\"https:\/\/sk2peritos.es\/?cat=7\" rel=\"tag\">Fontaner\u00eda<\/a><span class=\"wp-block-post-terms__separator\">, <\/span><a href=\"https:\/\/sk2peritos.es\/?cat=6\" rel=\"tag\">Mantenimiento<\/a><span class=\"wp-block-post-terms__separator\">, <\/span><a href=\"https:\/\/sk2peritos.es\/?cat=9\" rel=\"tag\">Pluviales<\/a><\/div>\n\n\t<\/div>\n\t\n<\/div>\n\n\n<\/div><\/div>\n\n<\/li><\/ul><\/div>\n<\/div>\n<\/div>\n<\/div>\n\n\n<ul class=\"wp-block-latest-posts__list aligncenter wp-block-latest-posts\"><li><a class=\"wp-block-latest-posts__post-title\" href=\"https:\/\/sk2peritos.es\/?p=472\">Humedades en tu vivienda<\/a><\/li>\n<li><a class=\"wp-block-latest-posts__post-title\" href=\"https:\/\/sk2peritos.es\/?p=346\">Sobre el terreno<\/a><\/li>\n<li><a class=\"wp-block-latest-posts__post-title\" href=\"https:\/\/sk2peritos.es\/?p=260\">Desag\u00fces de pluviales en chal\u00e9s y comunidades de propietarios<\/a><\/li>\n<li><a class=\"wp-block-latest-posts__post-title\" href=\"https:\/\/sk2peritos.es\/?p=175\">La falta de mantenimiento en tuber\u00edas<\/a><\/li>\n<\/ul>\n\n\n<div style=\"height:55px\" aria-hidden=\"true\" class=\"wp-block-spacer\"><\/div>\n","protected":false},"excerpt":{"rendered":"<p>nuestros art\u00edculos<\/p>\n","protected":false},"author":1,"featured_media":0,"parent":0,"menu_order":0,"comment_status":"closed","ping_status":"closed","template":"","meta":{"footnotes":""},"class_list":["post-417","page","type-page","status-publish","hentry"],"yoast_head":"<!-- This site is optimized with the Yoast SEO plugin v26.9 - https:\/\/yoast.com\/product\/yoast-seo-wordpress\/ -->\n<title>Blog - Sk2 Ingenier\u00eda SL<\/title>\n<meta name=\"robots\" content=\"index, follow, max-snippet:-1, max-image-preview:large, max-video-preview:-1\" \/>\n<link rel=\"canonical\" href=\"https:\/\/sk2peritos.es\/?page_id=417\" \/>\n<meta property=\"og:locale\" content=\"es_ES\" \/>\n<meta property=\"og:type\" content=\"article\" \/>\n<meta property=\"og:title\" content=\"Blog - Sk2 Ingenier\u00eda SL\" \/>\n<meta property=\"og:description\" content=\"nuestros art\u00edculos\" \/>\n<meta property=\"og:url\" content=\"https:\/\/sk2peritos.es\/?page_id=417\" \/>\n<meta property=\"og:site_name\" content=\"Sk2 Ingenier\u00eda SL\" \/>\n<meta property=\"article:modified_time\" content=\"2025-10-09T07:20:21+00:00\" \/>\n<meta name=\"twitter:card\" content=\"summary_large_image\" \/>\n<meta name=\"twitter:label1\" content=\"Tiempo de lectura\" \/>\n\t<meta name=\"twitter:data1\" content=\"1 minuto\" \/>\n<script type=\"application\/ld+json\" class=\"yoast-schema-graph\">{\"@context\":\"https:\/\/schema.org\",\"@graph\":[{\"@type\":\"WebPage\",\"@id\":\"https:\/\/sk2peritos.es\/?page_id=417\",\"url\":\"https:\/\/sk2peritos.es\/?page_id=417\",\"name\":\"Blog - Sk2 Ingenier\u00eda SL\",\"isPartOf\":{\"@id\":\"https:\/\/sk2peritos.es\/#website\"},\"datePublished\":\"2025-10-02T17:54:00+00:00\",\"dateModified\":\"2025-10-09T07:20:21+00:00\",\"breadcrumb\":{\"@id\":\"https:\/\/sk2peritos.es\/?page_id=417#breadcrumb\"},\"inLanguage\":\"es\",\"potentialAction\":[{\"@type\":\"ReadAction\",\"target\":[\"https:\/\/sk2peritos.es\/?page_id=417\"]}]},{\"@type\":\"BreadcrumbList\",\"@id\":\"https:\/\/sk2peritos.es\/?page_id=417#breadcrumb\",\"itemListElement\":[{\"@type\":\"ListItem\",\"position\":1,\"name\":\"Portada\",\"item\":\"https:\/\/sk2peritos.es\/\"},{\"@type\":\"ListItem\",\"position\":2,\"name\":\"Blog\"}]},{\"@type\":\"WebSite\",\"@id\":\"https:\/\/sk2peritos.es\/#website\",\"url\":\"https:\/\/sk2peritos.es\/\",\"name\":\"Sk2 Ingenier\u00eda SL\",\"description\":\"SK2 ingenieros SL. Gabinete pericial especializado en Incendios y Riesgos Diversos. Un gabinete donde las personas son lo m\u00e1s importante y donde la imparcialidad es nuestra ense\u00f1a. \",\"publisher\":{\"@id\":\"https:\/\/sk2peritos.es\/#organization\"},\"potentialAction\":[{\"@type\":\"SearchAction\",\"target\":{\"@type\":\"EntryPoint\",\"urlTemplate\":\"https:\/\/sk2peritos.es\/?s={search_term_string}\"},\"query-input\":{\"@type\":\"PropertyValueSpecification\",\"valueRequired\":true,\"valueName\":\"search_term_string\"}}],\"inLanguage\":\"es\"},{\"@type\":\"Organization\",\"@id\":\"https:\/\/sk2peritos.es\/#organization\",\"name\":\"Sk2 Ingenier\u00eda SL\",\"url\":\"https:\/\/sk2peritos.es\/\",\"logo\":{\"@type\":\"ImageObject\",\"inLanguage\":\"es\",\"@id\":\"https:\/\/sk2peritos.es\/#\/schema\/logo\/image\/\",\"url\":\"https:\/\/sk2peritos.es\/wp-content\/uploads\/2024\/07\/Logo3.png\",\"contentUrl\":\"https:\/\/sk2peritos.es\/wp-content\/uploads\/2024\/07\/Logo3.png\",\"width\":1407,\"height\":266,\"caption\":\"Sk2 Ingenier\u00eda SL\"},\"image\":{\"@id\":\"https:\/\/sk2peritos.es\/#\/schema\/logo\/image\/\"}}]}<\/script>\n<!-- \/ Yoast SEO plugin. -->","yoast_head_json":{"title":"Blog - Sk2 Ingenier\u00eda SL","robots":{"index":"index","follow":"follow","max-snippet":"max-snippet:-1","max-image-preview":"max-image-preview:large","max-video-preview":"max-video-preview:-1"},"canonical":"https:\/\/sk2peritos.es\/?page_id=417","og_locale":"es_ES","og_type":"article","og_title":"Blog - Sk2 Ingenier\u00eda SL","og_description":"nuestros art\u00edculos","og_url":"https:\/\/sk2peritos.es\/?page_id=417","og_site_name":"Sk2 Ingenier\u00eda SL","article_modified_time":"2025-10-09T07:20:21+00:00","twitter_card":"summary_large_image","twitter_misc":{"Tiempo de lectura":"1 minuto"},"schema":{"@context":"https:\/\/schema.org","@graph":[{"@type":"WebPage","@id":"https:\/\/sk2peritos.es\/?page_id=417","url":"https:\/\/sk2peritos.es\/?page_id=417","name":"Blog - Sk2 Ingenier\u00eda SL","isPartOf":{"@id":"https:\/\/sk2peritos.es\/#website"},"datePublished":"2025-10-02T17:54:00+00:00","dateModified":"2025-10-09T07:20:21+00:00","breadcrumb":{"@id":"https:\/\/sk2peritos.es\/?page_id=417#breadcrumb"},"inLanguage":"es","potentialAction":[{"@type":"ReadAction","target":["https:\/\/sk2peritos.es\/?page_id=417"]}]},{"@type":"BreadcrumbList","@id":"https:\/\/sk2peritos.es\/?page_id=417#breadcrumb","itemListElement":[{"@type":"ListItem","position":1,"name":"Portada","item":"https:\/\/sk2peritos.es\/"},{"@type":"ListItem","position":2,"name":"Blog"}]},{"@type":"WebSite","@id":"https:\/\/sk2peritos.es\/#website","url":"https:\/\/sk2peritos.es\/","name":"Sk2 Ingenier\u00eda SL","description":"SK2 ingenieros SL. Gabinete pericial especializado en Incendios y Riesgos Diversos. Un gabinete donde las personas son lo m\u00e1s importante y donde la imparcialidad es nuestra ense\u00f1a. ","publisher":{"@id":"https:\/\/sk2peritos.es\/#organization"},"potentialAction":[{"@type":"SearchAction","target":{"@type":"EntryPoint","urlTemplate":"https:\/\/sk2peritos.es\/?s={search_term_string}"},"query-input":{"@type":"PropertyValueSpecification","valueRequired":true,"valueName":"search_term_string"}}],"inLanguage":"es"},{"@type":"Organization","@id":"https:\/\/sk2peritos.es\/#organization","name":"Sk2 Ingenier\u00eda SL","url":"https:\/\/sk2peritos.es\/","logo":{"@type":"ImageObject","inLanguage":"es","@id":"https:\/\/sk2peritos.es\/#\/schema\/logo\/image\/","url":"https:\/\/sk2peritos.es\/wp-content\/uploads\/2024\/07\/Logo3.png","contentUrl":"https:\/\/sk2peritos.es\/wp-content\/uploads\/2024\/07\/Logo3.png","width":1407,"height":266,"caption":"Sk2 Ingenier\u00eda SL"},"image":{"@id":"https:\/\/sk2peritos.es\/#\/schema\/logo\/image\/"}}]}},"_links":{"self":[{"href":"https:\/\/sk2peritos.es\/index.php?rest_route=\/wp\/v2\/pages\/417","targetHints":{"allow":["GET"]}}],"collection":[{"href":"https:\/\/sk2peritos.es\/index.php?rest_route=\/wp\/v2\/pages"}],"about":[{"href":"https:\/\/sk2peritos.es\/index.php?rest_route=\/wp\/v2\/types\/page"}],"author":[{"embeddable":true,"href":"https:\/\/sk2peritos.es\/index.php?rest_route=\/wp\/v2\/users\/1"}],"replies":[{"embeddable":true,"href":"https:\/\/sk2peritos.es\/index.php?rest_route=%2Fwp%2Fv2%2Fcomments&post=417"}],"version-history":[{"count":13,"href":"https:\/\/sk2peritos.es\/index.php?rest_route=\/wp\/v2\/pages\/417\/revisions"}],"predecessor-version":[{"id":491,"href":"https:\/\/sk2peritos.es\/index.php?rest_route=\/wp\/v2\/pages\/417\/revisions\/491"}],"wp:attachment":[{"href":"https:\/\/sk2peritos.es\/index.php?rest_route=%2Fwp%2Fv2%2Fmedia&parent=417"}],"curies":[{"name":"wp","href":"https:\/\/api.w.org\/{rel}","templated":true}]}}